{"id":3576,"date":"2019-09-24T14:37:19","date_gmt":"2019-09-24T14:37:19","guid":{"rendered":"https:\/\/xn--mnniaru-5wa.eu\/menu\/"},"modified":"2022-03-30T13:12:01","modified_gmt":"2022-03-30T13:12:01","slug":"menu","status":"publish","type":"page","link":"https:\/\/xn--mnniaru-5wa.eu\/en\/manniaru-holiday-houses\/menu\/","title":{"rendered":"Menu"},"content":{"rendered":"<p><div class=\"fusion-fullwidth fullwidth-box fusion-builder-row-1 nonhundred-percent-fullwidth non-hundred-percent-height-scrolling\" style=\"background-color: rgba(255,255,255,0);background-position: center center;background-repeat: no-repeat;padding-top:0px;padding-right:0px;padding-bottom:0px;padding-left:0px;margin-bottom: 0px;margin-top: 0px;border-width: 0px 0px 0px 0px;border-color:#eae9e9;border-style:solid;\" ><div class=\"fusion-builder-row fusion-row\"><div class=\"fusion-layout-column fusion_builder_column fusion-builder-column-0 fusion_builder_column_1_1 1_1 fusion-one-full fusion-column-first fusion-column-last\" style=\"margin-top:0px;margin-bottom:20px;\"><div class=\"fusion-column-wrapper fusion-flex-column-wrapper-legacy\" style=\"background-position:left top;background-repeat:no-repeat;-webkit-background-size:cover;-moz-background-size:cover;-o-background-size:cover;background-size:cover;padding: 0px 0px 0px 0px;\"><div class=\"fusion-text fusion-text-1\"><p>The menu can be customised to suit your needs.<\/p>\n<\/div><style type=\"text\/css\">.fusion-accordian  #accordion-3576-1 .panel-title a .fa-fusion-box{ color: #ffffff;}.fusion-accordian  #accordion-3576-1 .panel-title a .fa-fusion-box:before{ font-size: 13px; width: 13px;}.fusion-accordian  #accordion-3576-1 .panel-title a{font-size:18px;}.fusion-accordian  #accordion-3576-1 .fa-fusion-box { background-color: #3e3e3e;border-color: #3e3e3e;}.fusion-accordian  #accordion-3576-1 .panel-title a:hover, #accordion-3576-1 .fusion-toggle-boxed-mode:hover .panel-title a { color: #c0996b;}.fusion-accordian  #accordion-3576-1 .panel-title .active .fa-fusion-box,.fusion-accordian  #accordion-3576-1 .panel-title a:hover .fa-fusion-box { background-color: #c0996b!important;border-color: #c0996b!important;}<\/style><div class=\"accordian fusion-accordian\"><div class=\"panel-group\" id=\"accordion-3576-1\" role=\"tablist\"><div class=\"fusion-panel panel-default\" role=\"tabpanel\"><div class=\"panel-heading\"><h4 class=\"panel-title toggle\"><a class=\"active\" aria-expanded=\"true\" aria-selected=\"true\" aria-controls=\"b9c687d6340028a2d\" role=\"tab\" data-toggle=\"collapse\" data-target=\"#b9c687d6340028a2d\" href=\"#b9c687d6340028a2d\"><span class=\"fusion-toggle-icon-wrapper\" aria-hidden=\"true\"><i class=\"fa-fusion-box\" aria-hidden=\"true\"><\/i><\/span><span class=\"fusion-toggle-heading\">Menu I <\/span><\/a><\/h4><\/div><div id=\"b9c687d6340028a2d\" class=\"panel-collapse collapse in\"><div class=\"panel-body toggle-content fusion-clearfix\">\n<ul>\n<li>Two varieties of salad (choose between potato salad, beet &amp; potato salad, macaroni salad, crab (surimi) salad, and green salad)<\/li>\n<li>Marinated meat<\/li>\n<li>Herring with sour cream and onion<\/li>\n<li>Ham rolls<\/li>\n<li>Salted salmon<\/li>\n<li>Devilled egg<\/li>\n<li>Meat platter<\/li>\n<li>Fresh cucumber and tomato<\/li>\n<li>Pickled cucumber<\/li>\n<li>Bread, white bread<\/li>\n<li>Juice, coffee<\/li>\n<\/ul>\n<p>The price of the cold food set is \u20ac14 + VAT per person. This food set can only be ordered for groups of at least 15 people. Menu I can be ordered at M\u00e4nniaru Holiday Houses<\/div><\/div><\/div><div class=\"fusion-panel panel-default\" role=\"tabpanel\"><div class=\"panel-heading\"><h4 class=\"panel-title toggle\"><a aria-expanded=\"false\" aria-selected=\"false\" aria-controls=\"1504b02fd93323f21\" role=\"tab\" data-toggle=\"collapse\" data-target=\"#1504b02fd93323f21\" href=\"#1504b02fd93323f21\"><span class=\"fusion-toggle-icon-wrapper\" aria-hidden=\"true\"><i class=\"fa-fusion-box\" aria-hidden=\"true\"><\/i><\/span><span class=\"fusion-toggle-heading\">Menu II<\/span><\/a><\/h4><\/div><div id=\"1504b02fd93323f21\" class=\"panel-collapse collapse \"><div class=\"panel-body toggle-content fusion-clearfix\">We are happy to customise the menu to suit your needs.<\/p>\n<ul>\n<li>Two varieties of salad (choose between potato salad, beet &amp; potato salad, macaroni salad, crab (surimi) salad, and green salad)<\/li>\n<li>Marinated meat<\/li>\n<li>Herring with sour cream and onion<\/li>\n<li>Salted salmon<\/li>\n<li>Ham rolls<\/li>\n<li>Devilled egg<\/li>\n<li>Meat platter<\/li>\n<li>Fresh cucumber and tomato<\/li>\n<li>Pickled cucumber<\/li>\n<li>Bread, white bread<\/li>\n<li>Juice, coffee<\/li>\n<\/ul>\n<p>Hot food is included with the menu above:<\/p>\n<ul>\n<li>Cabbage<\/li>\n<li>Boiled potatoes<\/li>\n<li>Pork roast<\/li>\n<\/ul>\n<p>The price of the set is \u20ac22 + VAT per person. This food set can only be ordered for groups of at least 30 people. Menu II can only be ordered at M\u00e4nniaru Holiday Houses.<\/div><\/div><\/div><div class=\"fusion-panel panel-default\" role=\"tabpanel\"><div class=\"panel-heading\"><h4 class=\"panel-title toggle\"><a aria-expanded=\"false\" aria-selected=\"false\" aria-controls=\"670a88eaf403ddd1b\" role=\"tab\" data-toggle=\"collapse\" data-target=\"#670a88eaf403ddd1b\" href=\"#670a88eaf403ddd1b\"><span class=\"fusion-toggle-icon-wrapper\" aria-hidden=\"true\"><i class=\"fa-fusion-box\" aria-hidden=\"true\"><\/i><\/span><span class=\"fusion-toggle-heading\">Menu III<\/span><\/a><\/h4><\/div><div id=\"670a88eaf403ddd1b\" class=\"panel-collapse collapse \"><div class=\"panel-body toggle-content fusion-clearfix\">\n<ul>\n<li>Two varieties of salad (choose between potato salad, macaroni salad, crab (surimi) salad, beet &amp; potato salad, and green salad)<\/li>\n<li>Herring with onion and sour cream<\/li>\n<li>Meat platter<\/li>\n<li>Ham rolls<\/li>\n<li>Pickled cucumber<\/li>\n<li>Devilled eggs<\/li>\n<\/ul>\n<p>HOT FOOD<\/p>\n<ul>\n<li>Pork roast<\/li>\n<li>Potatoes<\/li>\n<li>Cabbage<\/li>\n<li>Tea<\/li>\n<li>Coffee<\/li>\n<li>Juice drink<\/li>\n<\/ul>\n<p>The price of the set is \u20ac18 + VAT per person. This food set can only be ordered for groups of at least 30 people. Menu III can only be ordered at M\u00e4nniaru Holiday Houses.<\/div><\/div><\/div><div class=\"fusion-panel panel-default\" role=\"tabpanel\"><div class=\"panel-heading\"><h4 class=\"panel-title toggle\"><a aria-expanded=\"false\" aria-selected=\"false\" aria-controls=\"1e120bd31c3bba4b0\" role=\"tab\" data-toggle=\"collapse\" data-target=\"#1e120bd31c3bba4b0\" href=\"#1e120bd31c3bba4b0\"><span class=\"fusion-toggle-icon-wrapper\" aria-hidden=\"true\"><i class=\"fa-fusion-box\" aria-hidden=\"true\"><\/i><\/span><span class=\"fusion-toggle-heading\">Menu IV <\/span><\/a><\/h4><\/div><div id=\"1e120bd31c3bba4b0\" class=\"panel-collapse collapse \"><div class=\"panel-body toggle-content fusion-clearfix\">\n<ul>\n<li>Two varieties of salad (choose between potato salad, macaroni salad, crab (surimi) salad, beet &amp; potato salad, and green salad)<\/li>\n<li>Herring with onion and sour cream<\/li>\n<li>Salted salmon<\/li>\n<li>Meat platter<\/li>\n<li>Devilled eggs<\/li>\n<li>Ham rolls<\/li>\n<li>Pickled cucumber<\/li>\n<\/ul>\n<p>HOT FOOD<\/p>\n<ul>\n<li>Pork roast<\/li>\n<li>Potatoes<\/li>\n<li>Stewed cabbage<\/li>\n<li>Tea<\/li>\n<li>Coffee<\/li>\n<\/ul>\n<p>The price of the set is \u20ac20 + VAT per person. This food set can only be ordered for groups of at least 30 people. Menu IV can only be ordered at M\u00e4nniaru Holiday Houses.<\/div><\/div><\/div><div class=\"fusion-panel panel-default\" role=\"tabpanel\"><div class=\"panel-heading\"><h4 class=\"panel-title toggle\"><a aria-expanded=\"false\" aria-selected=\"false\" aria-controls=\"32ee9c8227ff6783f\" role=\"tab\" data-toggle=\"collapse\" data-target=\"#32ee9c8227ff6783f\" href=\"#32ee9c8227ff6783f\"><span class=\"fusion-toggle-icon-wrapper\" aria-hidden=\"true\"><i class=\"fa-fusion-box\" aria-hidden=\"true\"><\/i><\/span><span class=\"fusion-toggle-heading\">Breakfast<\/span><\/a><\/h4><\/div><div id=\"32ee9c8227ff6783f\" class=\"panel-collapse collapse \"><div class=\"panel-body toggle-content fusion-clearfix\">\n<ul>\n<li>Sandwich material, coffee, and tea: \u20ac5 + VAT per person<\/li>\n<li>Sandwich material, porridge, coffee, and tea: \u20ac6 + VAT per person<\/li>\n<li>Sandwich material, solyanka soup, coffee, and tea: \u20ac7 + VAT per person<\/li>\n<\/ul>\n<p>We are happy to customise the menu according to your needs \u2013 just let us know!<\/div><\/div><\/div><div class=\"fusion-panel panel-default\" role=\"tabpanel\"><div class=\"panel-heading\"><h4 class=\"panel-title toggle\"><a aria-expanded=\"false\" aria-selected=\"false\" aria-controls=\"580ec2fb7a2bc144d\" role=\"tab\" data-toggle=\"collapse\" data-target=\"#580ec2fb7a2bc144d\" href=\"#580ec2fb7a2bc144d\"><span class=\"fusion-toggle-icon-wrapper\" aria-hidden=\"true\"><i class=\"fa-fusion-box\" aria-hidden=\"true\"><\/i><\/span><span class=\"fusion-toggle-heading\">Christmas menu<\/span><\/a><\/h4><\/div><div id=\"580ec2fb7a2bc144d\" class=\"panel-collapse collapse \"><div class=\"panel-body toggle-content fusion-clearfix\">\n<ul>\n<li>Potato salad<\/li>\n<li>Beet &amp; potato salad<\/li>\n<li>Pickled herring<\/li>\n<li>Devilled eggs<\/li>\n<li>Ham rolls<\/li>\n<li>Salted salmon<\/li>\n<li>Meat platter<\/li>\n<li>Pumpkin salad<\/li>\n<li>Lingonberry jam<\/li>\n<\/ul>\n<p>Hot food<\/p>\n<ul>\n<li>Pork roast, black pudding<\/li>\n<li>Potatoes<\/li>\n<li>Sauce<\/li>\n<li>Cabbage<\/li>\n<li>Juice, coffee, tea<\/li>\n<li>Bread, white bread<\/li>\n<li>Tangerines, gingerbread<\/li>\n<\/ul>\n<p>The price of the Christmas menu is \u20ac22 + VAT per person.<\/div><\/div><\/div><\/div><\/div><div class=\"fusion-clearfix\"><\/div><\/div><\/div><\/div><\/div><div class=\"fusion-fullwidth fullwidth-box fusion-builder-row-2 hundred-percent-fullwidth non-hundred-percent-height-scrolling fusion-equal-height-columns\" style=\"background-color: #313539;background-position: left top;background-repeat: no-repeat;padding-top:55px;padding-right:5.4%;padding-bottom:0px;padding-left:5.4%;margin-bottom: 0px;margin-top: 0px;border-width: 0px 0px 0px 0px;border-color:#eae9e9;border-style:solid;\" ><div class=\"fusion-builder-row fusion-row\"><div class=\"fusion-layout-column fusion_builder_column fusion-builder-column-1 fusion_builder_column_1_1 1_1 fusion-one-full fusion-column-first fusion-column-last fusion-column-no-min-height\" style=\"margin-top:0px;margin-bottom:0px;\"><div class=\"fusion-column-wrapper fusion-flex-column-wrapper-legacy\" style=\"background-position:left top;background-repeat:no-repeat;-webkit-background-size:cover;-moz-background-size:cover;-o-background-size:cover;background-size:cover;padding: 0px 0px 0px 0px;\"><div class=\"fusion-sep-clear\"><\/div><div class=\"fusion-separator fusion-full-width-sep\" style=\"margin-left: auto;margin-right: auto;margin-top:10px;margin-bottom:55px;width:100%;\"><div class=\"fusion-separator-border sep-single sep-solid\" style=\"border-color:#45494e;border-top-width:1px;\"><\/div><\/div><div class=\"fusion-sep-clear\"><\/div><div class=\"fusion-clearfix\"><\/div><\/div><\/div><div class=\"fusion-layout-column fusion_builder_column fusion-builder-column-2 fusion_builder_column_1_3 1_3 fusion-one-third fusion-column-first\" style=\"width:30.6666%; margin-right: 4%;margin-top:0px;margin-bottom:20px;\"><div class=\"fusion-column-wrapper fusion-flex-column-wrapper-legacy\" style=\"background-position:left top;background-repeat:no-repeat;-webkit-background-size:cover;-moz-background-size:cover;-o-background-size:cover;background-size:cover;padding: 0px 0px 0px 0px;\"><div class=\"fusion-column-content-centered\"><div class=\"fusion-column-content\"><span class=\" fusion-imageframe imageframe-none imageframe-1 hover-type-none\" style=\"margin-right:25px;float:left;\"><img width=\"238\" height=\"239\" title=\"m2nniaru_puhkemajad_logo_valge\" src=\"https:\/\/xn--mnniaru-5wa.eu\/wp-content\/uploads\/2019\/07\/m2nniaru_puhkemajad_logo_valge.png\" class=\"img-responsive wp-image-3685\" srcset=\"https:\/\/xn--mnniaru-5wa.eu\/wp-content\/uploads\/2019\/07\/m2nniaru_puhkemajad_logo_valge-200x201.png 200w, https:\/\/xn--mnniaru-5wa.eu\/wp-content\/uploads\/2019\/07\/m2nniaru_puhkemajad_logo_valge.png 238w\" sizes=\"(max-width: 1120px) 100vw, 238px\" \/><\/span><div class=\"fusion-sep-clear\"><\/div><div class=\"fusion-separator fusion-full-width-sep\" style=\"margin-left: auto;margin-right: auto;margin-top:50px;width:100%;\"><\/div><div class=\"fusion-sep-clear\"><\/div><ul class=\"fusion-checklist fusion-checklist-1\" style=\"font-size:21px;line-height:35.7px;\"><li class=\"fusion-li-item\"><span style=\"height:35.7px;width:35.7px;margin-right:14.7px;\" class=\"icon-wrapper circle-no\"><i class=\"fusion-li-icon fa-mobile-alt fas\" style=\"color:#ae895d;\" aria-hidden=\"true\"><\/i><\/span><div class=\"fusion-li-item-content\" style=\"margin-left:50.4px;\">\n<p><a href=\"tel:37253994998\">+372 <\/a>53994998<\/p>\n<\/p>\n<\/div><\/li><li class=\"fusion-li-item\"><span style=\"height:35.7px;width:35.7px;margin-right:14.7px;\" class=\"icon-wrapper circle-no\"><i class=\"fusion-li-icon fa-envelope far\" style=\"color:#ae895d;\" aria-hidden=\"true\"><\/i><\/span><div class=\"fusion-li-item-content\" style=\"margin-left:50.4px;\">\n<p><a href=\"mailto:Info@manniaru.eu\">Info@manniaru.eu<\/a><\/p>\n<\/div><\/li><li class=\"fusion-li-item\"><span style=\"height:35.7px;width:35.7px;margin-right:14.7px;\" class=\"icon-wrapper circle-no\"><i class=\"fusion-li-icon fa-map-marked fas\" style=\"color:#ae895d;\" aria-hidden=\"true\"><\/i><\/span><div class=\"fusion-li-item-content\" style=\"margin-left:50.4px;\">\n<p><span class=\"w8qArf\">\u00a0<\/span><span class=\"LrzXr\">P\u00e4hklimetsa 8, Oru,<br \/>\n<\/span>75103 Harju maakond<br \/>\n<a href=\"https:\/\/www.google.com\/maps?ll=59.19702,24.977215&amp;z=17&amp;t=m&amp;hl=et&amp;gl=EE&amp;mapclient=embed&amp;cid=10476986300632486313\" target=\"_blank\" rel=\"noopener noreferrer\">Vaata Google maps<\/a><\/p>\n<\/div><\/li><\/ul><\/div><\/div><div class=\"fusion-clearfix\"><\/div><\/div><\/div><div class=\"fusion-layout-column fusion_builder_column fusion-builder-column-3 fusion_builder_column_2_3 2_3 fusion-two-third fusion-column-last\" style=\"width:65.3333%;margin-top:0px;margin-bottom:20px;\"><div class=\"fusion-column-wrapper fusion-flex-column-wrapper-legacy\" style=\"background-position:left top;background-repeat:no-repeat;-webkit-background-size:cover;-moz-background-size:cover;-o-background-size:cover;background-size:cover;padding: 0px 0px 0px 0px;\"><div class=\"fusion-column-content-centered\"><div class=\"fusion-column-content\"><div class=\"fusion-text fusion-text-2\"><p>Broneerimiseks v\u00f5i lisak\u00fcsimuste tekkimisel, v\u00f5ta \u00fchendust!<\/p>\n<\/div><div class=\"fusion-text fusion-text-3\"><noscript class=\"ninja-forms-noscript-message\">\n    Notice: JavaScript is required for this content.<\/noscript><div id=\"nf-form-2-cont\" class=\"nf-form-cont\" aria-live=\"polite\" aria-labelledby=\"nf-form-title-2\" aria-describedby=\"nf-form-errors-2\" role=\"form\">\n\n    <div class=\"nf-loading-spinner\"><\/div>\n\n<\/div>\n        <!-- TODO: Move to Template File. -->\n        <script>var formDisplay=1;var nfForms=nfForms||[];var form=[];form.id='2';form.settings={\"objectType\":\"Form Setting\",\"editActive\":true,\"title\":\"M\\u00e4nniaru kontaktivorm\",\"show_title\":0,\"allow_public_link\":0,\"embed_form\":\"\",\"clear_complete\":1,\"hide_complete\":1,\"default_label_pos\":\"hidden\",\"wrapper_class\":\"\",\"element_class\":\"\",\"key\":\"\",\"add_submit\":1,\"changeEmailErrorMsg\":\"Sisesta korrektne e-maili aadress\",\"changeDateErrorMsg\":\"Please enter a valid date!\",\"confirmFieldErrorMsg\":\"These fields must match!\",\"fieldNumberNumMinError\":\"Number Min Error\",\"fieldNumberNumMaxError\":\"Number Max Error\",\"fieldNumberIncrementBy\":\"Please increment by \",\"formErrorsCorrectErrors\":\"Paranda vead enne edastamist \",\"validateRequiredField\":\"This is a required field.\",\"honeypotHoneypotError\":\"Honeypot Error\",\"fieldsMarkedRequired\":\"* t\\u00e4histatud v\\u00e4ljad on kohustuslikud\",\"currency\":\"\",\"unique_field_error\":\"A form with this value has already been submitted.\",\"logged_in\":false,\"not_logged_in_msg\":\"\",\"sub_limit_msg\":\"The form has reached its submission limit.\",\"calculations\":[],\"formContentData\":[\"sinu_nimi_1565630366789\",\"e-mail_1565630395805\",\"ettevote_1565631289046\",\"uerituse_kuupaeev_1565631317291\",\"lisainfo_1565631266308\",\"recaptcha_1583157480100\",\"edasta_paering_1565631338293\"],\"drawerDisabled\":false,\"public_link\":\"https:\\\/\\\/xn--mnniaru-5wa.eu\\\/ninja-forms\\\/2sitn\",\"public_link_key\":\"2sitn\",\"ninjaForms\":\"Ninja Forms\",\"fieldTextareaRTEInsertLink\":\"Insert Link\",\"fieldTextareaRTEInsertMedia\":\"Insert Media\",\"fieldTextareaRTESelectAFile\":\"Select a file\",\"formHoneypot\":\"If you are a human seeing this field, please leave it empty.\",\"fileUploadOldCodeFileUploadInProgress\":\"File Upload in Progress.\",\"fileUploadOldCodeFileUpload\":\"FILE UPLOAD\",\"currencySymbol\":\"&euro;\",\"thousands_sep\":\",\",\"decimal_point\":\".\",\"siteLocale\":\"en_US\",\"dateFormat\":\"m\\\/d\\\/Y\",\"startOfWeek\":\"1\",\"of\":\"of\",\"previousMonth\":\"Previous Month\",\"nextMonth\":\"Next Month\",\"months\":[\"January\",\"February\",\"March\",\"April\",\"May\",\"June\",\"July\",\"August\",\"September\",\"October\",\"November\",\"December\"],\"monthsShort\":[\"Jan\",\"Feb\",\"Mar\",\"Apr\",\"May\",\"Jun\",\"Jul\",\"Aug\",\"Sep\",\"Oct\",\"Nov\",\"Dec\"],\"weekdays\":[\"Sunday\",\"Monday\",\"Tuesday\",\"Wednesday\",\"Thursday\",\"Friday\",\"Saturday\"],\"weekdaysShort\":[\"Sun\",\"Mon\",\"Tue\",\"Wed\",\"Thu\",\"Fri\",\"Sat\"],\"weekdaysMin\":[\"Su\",\"Mo\",\"Tu\",\"We\",\"Th\",\"Fr\",\"Sa\"],\"currency_symbol\":\"\",\"beforeForm\":\"\",\"beforeFields\":\"\",\"afterFields\":\"\",\"afterForm\":\"\"};form.fields=[{\"objectType\":\"Field\",\"objectDomain\":\"fields\",\"editActive\":false,\"order\":1,\"type\":\"textbox\",\"label\":\"Sinu nimi\",\"key\":\"sinu_nimi_1565630366789\",\"label_pos\":\"hidden\",\"required\":1,\"default\":\"\",\"placeholder\":\"Sinu nimi *\",\"container_class\":\"one-half first\",\"element_class\":\"\",\"input_limit\":\"\",\"input_limit_type\":\"characters\",\"input_limit_msg\":\"Character(s) left\",\"manual_key\":false,\"admin_label\":\"\",\"help_text\":\"\",\"mask\":\"\",\"custom_mask\":\"\",\"custom_name_attribute\":\"\",\"personally_identifiable\":\"\",\"value\":\"\",\"drawerDisabled\":false,\"id\":5,\"beforeField\":\"\",\"afterField\":\"\",\"parentType\":\"textbox\",\"element_templates\":[\"textbox\",\"input\"],\"old_classname\":\"\",\"wrap_template\":\"wrap\"},{\"objectType\":\"Field\",\"objectDomain\":\"fields\",\"editActive\":false,\"order\":2,\"type\":\"email\",\"label\":\"E-mail\",\"key\":\"e-mail_1565630395805\",\"label_pos\":\"hidden\",\"required\":1,\"default\":\"\",\"placeholder\":\"E-mail * \",\"container_class\":\"one-half\",\"element_class\":\"\",\"admin_label\":\"\",\"help_text\":\"\",\"custom_name_attribute\":\"email\",\"personally_identifiable\":1,\"value\":\"\",\"drawerDisabled\":false,\"id\":6,\"beforeField\":\"\",\"afterField\":\"\",\"parentType\":\"email\",\"element_templates\":[\"email\",\"input\"],\"old_classname\":\"\",\"wrap_template\":\"wrap\"},{\"objectType\":\"Field\",\"objectDomain\":\"fields\",\"editActive\":false,\"order\":3,\"type\":\"textbox\",\"label\":\"Ettev\\u00f5te\",\"key\":\"ettevote_1565631289046\",\"label_pos\":\"hidden\",\"required\":false,\"default\":\"\",\"placeholder\":\"Ettev\\u00f5te\",\"container_class\":\"one-half first\",\"element_class\":\"\",\"input_limit\":\"\",\"input_limit_type\":\"characters\",\"input_limit_msg\":\"Character(s) left\",\"manual_key\":false,\"admin_label\":\"\",\"help_text\":\"\",\"mask\":\"\",\"custom_mask\":\"\",\"custom_name_attribute\":\"\",\"personally_identifiable\":\"\",\"value\":\"\",\"drawerDisabled\":false,\"id\":7,\"beforeField\":\"\",\"afterField\":\"\",\"parentType\":\"textbox\",\"element_templates\":[\"textbox\",\"input\"],\"old_classname\":\"\",\"wrap_template\":\"wrap\"},{\"objectType\":\"Field\",\"objectDomain\":\"fields\",\"editActive\":false,\"order\":4,\"type\":\"textbox\",\"label\":\"\\u00dcrituse kuup\\u00e4ev\",\"key\":\"uerituse_kuupaeev_1565631317291\",\"label_pos\":\"hidden\",\"required\":false,\"default\":\"\",\"placeholder\":\"\\u00dcrituse kuup\\u00e4ev \",\"container_class\":\"one-half  \",\"element_class\":\"\",\"input_limit\":\"\",\"input_limit_type\":\"characters\",\"input_limit_msg\":\"Character(s) left\",\"manual_key\":false,\"admin_label\":\"\",\"help_text\":\"\",\"mask\":\"\",\"custom_mask\":\"\",\"custom_name_attribute\":\"\",\"personally_identifiable\":\"\",\"value\":\"\",\"drawerDisabled\":false,\"id\":8,\"beforeField\":\"\",\"afterField\":\"\",\"parentType\":\"textbox\",\"element_templates\":[\"textbox\",\"input\"],\"old_classname\":\"\",\"wrap_template\":\"wrap\"},{\"objectType\":\"Field\",\"objectDomain\":\"fields\",\"editActive\":false,\"order\":5,\"type\":\"textarea\",\"label\":\"Lisainfo\",\"key\":\"lisainfo_1565631266308\",\"label_pos\":\"hidden\",\"required\":false,\"default\":\"\",\"placeholder\":\"Lisainfo\",\"container_class\":\"\",\"element_class\":\"\",\"input_limit\":\"\",\"input_limit_type\":\"characters\",\"input_limit_msg\":\"Character(s) left\",\"manual_key\":false,\"admin_label\":\"\",\"help_text\":\"\",\"textarea_rte\":\"\",\"disable_rte_mobile\":\"\",\"textarea_media\":\"\",\"value\":\"\",\"drawerDisabled\":false,\"id\":9,\"beforeField\":\"\",\"afterField\":\"\",\"parentType\":\"textarea\",\"element_templates\":[\"textarea\",\"input\"],\"old_classname\":\"\",\"wrap_template\":\"wrap\"},{\"objectType\":\"Field\",\"objectDomain\":\"fields\",\"editActive\":false,\"order\":6,\"label\":\"Recaptcha\",\"type\":\"recaptcha\",\"container_class\":\"\",\"element_class\":\"\",\"size\":\"visible\",\"key\":\"recaptcha_1583157480100\",\"id\":24,\"beforeField\":\"\",\"afterField\":\"\",\"value\":\"\",\"label_pos\":\"hidden\",\"parentType\":\"textbox\",\"element_templates\":[\"recaptcha\",\"input\"],\"old_classname\":\"\",\"wrap_template\":\"wrap\",\"site_key\":\"6LehKrkUAAAAAIZ_VVushiiaK0fz1tEX9NQImfrx\",\"theme\":\"light\",\"lang\":false},{\"objectType\":\"Field\",\"objectDomain\":\"fields\",\"editActive\":false,\"order\":7,\"type\":\"submit\",\"label\":\"Edasta p\\u00e4ring\",\"processing_label\":\"Saadab \",\"container_class\":\"\",\"element_class\":\"fusion-button button-flat fusion-button-round button-xlarge button-default button-1\",\"key\":\"edasta_paering_1565631338293\",\"drawerDisabled\":false,\"id\":10,\"beforeField\":\"\",\"afterField\":\"\",\"value\":\"\",\"label_pos\":\"hidden\",\"parentType\":\"textbox\",\"element_templates\":[\"submit\",\"button\",\"input\"],\"old_classname\":\"\",\"wrap_template\":\"wrap-no-label\"}];nfForms.push(form);<\/script>\n        \n<\/div><\/div><\/div><div class=\"fusion-clearfix\"><\/div><\/div><\/div><div class=\"fusion-layout-column fusion_builder_column fusion-builder-column-4 fusion_builder_column_1_1 1_1 fusion-one-full fusion-column-first fusion-column-last fusion-column-no-min-height\" style=\"margin-top:0px;margin-bottom:0px;\"><div class=\"fusion-column-wrapper fusion-flex-column-wrapper-legacy\" style=\"background-position:left top;background-repeat:no-repeat;-webkit-background-size:cover;-moz-background-size:cover;-o-background-size:cover;background-size:cover;padding: 0px 0px 0px 0px;\"><div class=\"fusion-sep-clear\"><\/div><div class=\"fusion-separator fusion-full-width-sep\" style=\"margin-left: auto;margin-right: auto;margin-top:10px;margin-bottom:55px;width:100%;\"><div class=\"fusion-separator-border sep-single sep-solid\" style=\"border-color:#45494e;border-top-width:1px;\"><\/div><\/div><div class=\"fusion-sep-clear\"><\/div><div class=\"fusion-clearfix\"><\/div><\/div><\/div><\/div><\/div>\n<\/p>\n","protected":false},"excerpt":{"rendered":"","protected":false},"author":2,"featured_media":0,"parent":3589,"menu_order":0,"comment_status":"closed","ping_status":"closed","template":"100-width.php","meta":[],"_links":{"self":[{"href":"https:\/\/xn--mnniaru-5wa.eu\/en\/wp-json\/wp\/v2\/pages\/3576"}],"collection":[{"href":"https:\/\/xn--mnniaru-5wa.eu\/en\/wp-json\/wp\/v2\/pages"}],"about":[{"href":"https:\/\/xn--mnniaru-5wa.eu\/en\/wp-json\/wp\/v2\/types\/page"}],"author":[{"embeddable":true,"href":"https:\/\/xn--mnniaru-5wa.eu\/en\/wp-json\/wp\/v2\/users\/2"}],"replies":[{"embeddable":true,"href":"https:\/\/xn--mnniaru-5wa.eu\/en\/wp-json\/wp\/v2\/comments?post=3576"}],"version-history":[{"count":3,"href":"https:\/\/xn--mnniaru-5wa.eu\/en\/wp-json\/wp\/v2\/pages\/3576\/revisions"}],"predecessor-version":[{"id":4308,"href":"https:\/\/xn--mnniaru-5wa.eu\/en\/wp-json\/wp\/v2\/pages\/3576\/revisions\/4308"}],"up":[{"embeddable":true,"href":"https:\/\/xn--mnniaru-5wa.eu\/en\/wp-json\/wp\/v2\/pages\/3589"}],"wp:attachment":[{"href":"https:\/\/xn--mnniaru-5wa.eu\/en\/wp-json\/wp\/v2\/media?parent=3576"}],"curies":[{"name":"wp","href":"https:\/\/api.w.org\/{rel}","templated":true}]}}