{"id":3585,"date":"2019-09-24T14:37:23","date_gmt":"2019-09-24T14:37:23","guid":{"rendered":"https:\/\/xn--mnniaru-5wa.eu\/party-house-second-floor\/"},"modified":"2019-09-24T14:37:41","modified_gmt":"2019-09-24T14:37:41","slug":"party-house-second-floor","status":"publish","type":"page","link":"https:\/\/xn--mnniaru-5wa.eu\/en\/manniaru-holiday-houses\/party-house-second-floor\/","title":{"rendered":"Party house second floor"},"content":{"rendered":"<p><div class=\"fusion-fullwidth fullwidth-box fusion-builder-row-1 nonhundred-percent-fullwidth non-hundred-percent-height-scrolling\" style=\"background-color: rgba(255,255,255,0);background-position: center center;background-repeat: no-repeat;padding-top:0px;padding-right:0px;padding-bottom:0px;padding-left:0px;margin-bottom: 0px;margin-top: 0px;border-width: 0px 0px 0px 0px;border-color:#eae9e9;border-style:solid;\" ><div class=\"fusion-builder-row fusion-row\"><div class=\"fusion-layout-column fusion_builder_column fusion-builder-column-0 fusion_builder_column_1_1 1_1 fusion-one-full fusion-column-first fusion-column-last\" style=\"margin-top:0px;margin-bottom:20px;\"><div class=\"fusion-column-wrapper fusion-flex-column-wrapper-legacy\" style=\"background-position:left top;background-repeat:no-repeat;-webkit-background-size:cover;-moz-background-size:cover;-o-background-size:cover;background-size:cover;padding: 0px 0px 0px 0px;\"><div class=\"fusion-text fusion-text-1\"><p>The second floor of the party house holds seven bedrooms as well as a toilet and shower room. Each bedroom is fitted with two double beds.<\/p>\n<\/div><div class=\"fusion-clearfix\"><\/div><\/div><\/div><\/div><\/div><div class=\"fusion-fullwidth fullwidth-box fusion-builder-row-2 hundred-percent-fullwidth non-hundred-percent-height-scrolling fusion-equal-height-columns\" style=\"background-color: #313539;background-position: left top;background-repeat: no-repeat;padding-top:55px;padding-right:5.4%;padding-bottom:0px;padding-left:5.4%;margin-bottom: 0px;margin-top: 0px;border-width: 0px 0px 0px 0px;border-color:#eae9e9;border-style:solid;\" ><div class=\"fusion-builder-row fusion-row\"><div class=\"fusion-layout-column fusion_builder_column fusion-builder-column-1 fusion_builder_column_1_1 1_1 fusion-one-full fusion-column-first fusion-column-last fusion-column-no-min-height\" style=\"margin-top:0px;margin-bottom:0px;\"><div class=\"fusion-column-wrapper fusion-flex-column-wrapper-legacy\" style=\"background-position:left top;background-repeat:no-repeat;-webkit-background-size:cover;-moz-background-size:cover;-o-background-size:cover;background-size:cover;padding: 0px 0px 0px 0px;\"><div class=\"fusion-sep-clear\"><\/div><div class=\"fusion-separator fusion-full-width-sep\" style=\"margin-left: auto;margin-right: auto;margin-top:10px;margin-bottom:55px;width:100%;\"><div class=\"fusion-separator-border sep-single sep-solid\" style=\"border-color:#45494e;border-top-width:1px;\"><\/div><\/div><div class=\"fusion-sep-clear\"><\/div><div class=\"fusion-clearfix\"><\/div><\/div><\/div><div class=\"fusion-layout-column fusion_builder_column fusion-builder-column-2 fusion_builder_column_1_3 1_3 fusion-one-third fusion-column-first\" style=\"width:30.6666%; margin-right: 4%;margin-top:0px;margin-bottom:20px;\"><div class=\"fusion-column-wrapper fusion-flex-column-wrapper-legacy\" style=\"background-position:left top;background-repeat:no-repeat;-webkit-background-size:cover;-moz-background-size:cover;-o-background-size:cover;background-size:cover;padding: 0px 0px 0px 0px;\"><div class=\"fusion-column-content-centered\"><div class=\"fusion-column-content\"><span class=\" fusion-imageframe imageframe-none imageframe-1 hover-type-none\" style=\"margin-right:25px;float:left;\"><img width=\"238\" height=\"239\" title=\"m2nniaru_puhkemajad_logo_valge\" src=\"https:\/\/xn--mnniaru-5wa.eu\/wp-content\/uploads\/2019\/07\/m2nniaru_puhkemajad_logo_valge.png\" class=\"img-responsive wp-image-3685\" srcset=\"https:\/\/xn--mnniaru-5wa.eu\/wp-content\/uploads\/2019\/07\/m2nniaru_puhkemajad_logo_valge-200x201.png 200w, https:\/\/xn--mnniaru-5wa.eu\/wp-content\/uploads\/2019\/07\/m2nniaru_puhkemajad_logo_valge.png 238w\" sizes=\"(max-width: 1120px) 100vw, 238px\" \/><\/span><div class=\"fusion-sep-clear\"><\/div><div class=\"fusion-separator fusion-full-width-sep\" style=\"margin-left: auto;margin-right: auto;margin-top:50px;width:100%;\"><\/div><div class=\"fusion-sep-clear\"><\/div><ul class=\"fusion-checklist fusion-checklist-1\" style=\"font-size:21px;line-height:35.7px;\"><li class=\"fusion-li-item\"><span style=\"height:35.7px;width:35.7px;margin-right:14.7px;\" class=\"icon-wrapper circle-no\"><i class=\"fusion-li-icon fa-mobile-alt fas\" style=\"color:#ae895d;\" aria-hidden=\"true\"><\/i><\/span><div class=\"fusion-li-item-content\" style=\"margin-left:50.4px;\">\n<p><a href=\"tel:37253994998\">+372 <\/a>53994998<\/p>\n<\/p>\n<\/div><\/li><li class=\"fusion-li-item\"><span style=\"height:35.7px;width:35.7px;margin-right:14.7px;\" class=\"icon-wrapper circle-no\"><i class=\"fusion-li-icon fa-envelope far\" style=\"color:#ae895d;\" aria-hidden=\"true\"><\/i><\/span><div class=\"fusion-li-item-content\" style=\"margin-left:50.4px;\">\n<p><a href=\"mailto:Info@manniaru.eu\">Info@manniaru.eu<\/a><\/p>\n<\/div><\/li><li class=\"fusion-li-item\"><span style=\"height:35.7px;width:35.7px;margin-right:14.7px;\" class=\"icon-wrapper circle-no\"><i class=\"fusion-li-icon fa-map-marked fas\" style=\"color:#ae895d;\" aria-hidden=\"true\"><\/i><\/span><div class=\"fusion-li-item-content\" style=\"margin-left:50.4px;\">\n<p><span class=\"w8qArf\">\u00a0<\/span><span class=\"LrzXr\">P\u00e4hklimetsa 8, Oru,<br \/>\n<\/span>75103 Harju maakond<br \/>\n<a href=\"https:\/\/www.google.com\/maps?ll=59.19702,24.977215&amp;z=17&amp;t=m&amp;hl=et&amp;gl=EE&amp;mapclient=embed&amp;cid=10476986300632486313\" target=\"_blank\" rel=\"noopener noreferrer\">Vaata Google maps<\/a><\/p>\n<\/div><\/li><\/ul><\/div><\/div><div class=\"fusion-clearfix\"><\/div><\/div><\/div><div class=\"fusion-layout-column fusion_builder_column fusion-builder-column-3 fusion_builder_column_2_3 2_3 fusion-two-third fusion-column-last\" style=\"width:65.3333%;margin-top:0px;margin-bottom:20px;\"><div class=\"fusion-column-wrapper fusion-flex-column-wrapper-legacy\" style=\"background-position:left top;background-repeat:no-repeat;-webkit-background-size:cover;-moz-background-size:cover;-o-background-size:cover;background-size:cover;padding: 0px 0px 0px 0px;\"><div class=\"fusion-column-content-centered\"><div class=\"fusion-column-content\"><div class=\"fusion-text fusion-text-2\"><p>Broneerimiseks v\u00f5i lisak\u00fcsimuste tekkimisel, v\u00f5ta \u00fchendust!<\/p>\n<\/div><div class=\"fusion-text fusion-text-3\"><noscript class=\"ninja-forms-noscript-message\">\n    Notice: JavaScript is required for this content.<\/noscript><div id=\"nf-form-2-cont\" class=\"nf-form-cont\" aria-live=\"polite\" aria-labelledby=\"nf-form-title-2\" aria-describedby=\"nf-form-errors-2\" role=\"form\">\n\n    <div class=\"nf-loading-spinner\"><\/div>\n\n<\/div>\n        <!-- TODO: Move to Template File. -->\n        <script>var formDisplay=1;var nfForms=nfForms||[];var form=[];form.id='2';form.settings={\"objectType\":\"Form Setting\",\"editActive\":true,\"title\":\"M\\u00e4nniaru kontaktivorm\",\"show_title\":0,\"allow_public_link\":0,\"embed_form\":\"\",\"clear_complete\":1,\"hide_complete\":1,\"default_label_pos\":\"hidden\",\"wrapper_class\":\"\",\"element_class\":\"\",\"key\":\"\",\"add_submit\":1,\"changeEmailErrorMsg\":\"Sisesta korrektne e-maili aadress\",\"changeDateErrorMsg\":\"Please enter a valid date!\",\"confirmFieldErrorMsg\":\"These fields must match!\",\"fieldNumberNumMinError\":\"Number Min Error\",\"fieldNumberNumMaxError\":\"Number Max Error\",\"fieldNumberIncrementBy\":\"Please increment by \",\"formErrorsCorrectErrors\":\"Paranda vead enne edastamist \",\"validateRequiredField\":\"This is a required field.\",\"honeypotHoneypotError\":\"Honeypot Error\",\"fieldsMarkedRequired\":\"* t\\u00e4histatud v\\u00e4ljad on kohustuslikud\",\"currency\":\"\",\"unique_field_error\":\"A form with this value has already been submitted.\",\"logged_in\":false,\"not_logged_in_msg\":\"\",\"sub_limit_msg\":\"The form has reached its submission limit.\",\"calculations\":[],\"formContentData\":[\"sinu_nimi_1565630366789\",\"e-mail_1565630395805\",\"ettevote_1565631289046\",\"uerituse_kuupaeev_1565631317291\",\"lisainfo_1565631266308\",\"recaptcha_1583157480100\",\"edasta_paering_1565631338293\"],\"drawerDisabled\":false,\"public_link\":\"https:\\\/\\\/xn--mnniaru-5wa.eu\\\/ninja-forms\\\/2sitn\",\"public_link_key\":\"2sitn\",\"ninjaForms\":\"Ninja Forms\",\"fieldTextareaRTEInsertLink\":\"Insert Link\",\"fieldTextareaRTEInsertMedia\":\"Insert Media\",\"fieldTextareaRTESelectAFile\":\"Select a file\",\"formHoneypot\":\"If you are a human seeing this field, please leave it empty.\",\"fileUploadOldCodeFileUploadInProgress\":\"File Upload in Progress.\",\"fileUploadOldCodeFileUpload\":\"FILE UPLOAD\",\"currencySymbol\":\"&euro;\",\"thousands_sep\":\",\",\"decimal_point\":\".\",\"siteLocale\":\"en_US\",\"dateFormat\":\"m\\\/d\\\/Y\",\"startOfWeek\":\"1\",\"of\":\"of\",\"previousMonth\":\"Previous Month\",\"nextMonth\":\"Next Month\",\"months\":[\"January\",\"February\",\"March\",\"April\",\"May\",\"June\",\"July\",\"August\",\"September\",\"October\",\"November\",\"December\"],\"monthsShort\":[\"Jan\",\"Feb\",\"Mar\",\"Apr\",\"May\",\"Jun\",\"Jul\",\"Aug\",\"Sep\",\"Oct\",\"Nov\",\"Dec\"],\"weekdays\":[\"Sunday\",\"Monday\",\"Tuesday\",\"Wednesday\",\"Thursday\",\"Friday\",\"Saturday\"],\"weekdaysShort\":[\"Sun\",\"Mon\",\"Tue\",\"Wed\",\"Thu\",\"Fri\",\"Sat\"],\"weekdaysMin\":[\"Su\",\"Mo\",\"Tu\",\"We\",\"Th\",\"Fr\",\"Sa\"],\"currency_symbol\":\"\",\"beforeForm\":\"\",\"beforeFields\":\"\",\"afterFields\":\"\",\"afterForm\":\"\"};form.fields=[{\"objectType\":\"Field\",\"objectDomain\":\"fields\",\"editActive\":false,\"order\":1,\"type\":\"textbox\",\"label\":\"Sinu nimi\",\"key\":\"sinu_nimi_1565630366789\",\"label_pos\":\"hidden\",\"required\":1,\"default\":\"\",\"placeholder\":\"Sinu nimi *\",\"container_class\":\"one-half first\",\"element_class\":\"\",\"input_limit\":\"\",\"input_limit_type\":\"characters\",\"input_limit_msg\":\"Character(s) left\",\"manual_key\":false,\"admin_label\":\"\",\"help_text\":\"\",\"mask\":\"\",\"custom_mask\":\"\",\"custom_name_attribute\":\"\",\"personally_identifiable\":\"\",\"value\":\"\",\"drawerDisabled\":false,\"id\":5,\"beforeField\":\"\",\"afterField\":\"\",\"parentType\":\"textbox\",\"element_templates\":[\"textbox\",\"input\"],\"old_classname\":\"\",\"wrap_template\":\"wrap\"},{\"objectType\":\"Field\",\"objectDomain\":\"fields\",\"editActive\":false,\"order\":2,\"type\":\"email\",\"label\":\"E-mail\",\"key\":\"e-mail_1565630395805\",\"label_pos\":\"hidden\",\"required\":1,\"default\":\"\",\"placeholder\":\"E-mail * \",\"container_class\":\"one-half\",\"element_class\":\"\",\"admin_label\":\"\",\"help_text\":\"\",\"custom_name_attribute\":\"email\",\"personally_identifiable\":1,\"value\":\"\",\"drawerDisabled\":false,\"id\":6,\"beforeField\":\"\",\"afterField\":\"\",\"parentType\":\"email\",\"element_templates\":[\"email\",\"input\"],\"old_classname\":\"\",\"wrap_template\":\"wrap\"},{\"objectType\":\"Field\",\"objectDomain\":\"fields\",\"editActive\":false,\"order\":3,\"type\":\"textbox\",\"label\":\"Ettev\\u00f5te\",\"key\":\"ettevote_1565631289046\",\"label_pos\":\"hidden\",\"required\":false,\"default\":\"\",\"placeholder\":\"Ettev\\u00f5te\",\"container_class\":\"one-half first\",\"element_class\":\"\",\"input_limit\":\"\",\"input_limit_type\":\"characters\",\"input_limit_msg\":\"Character(s) left\",\"manual_key\":false,\"admin_label\":\"\",\"help_text\":\"\",\"mask\":\"\",\"custom_mask\":\"\",\"custom_name_attribute\":\"\",\"personally_identifiable\":\"\",\"value\":\"\",\"drawerDisabled\":false,\"id\":7,\"beforeField\":\"\",\"afterField\":\"\",\"parentType\":\"textbox\",\"element_templates\":[\"textbox\",\"input\"],\"old_classname\":\"\",\"wrap_template\":\"wrap\"},{\"objectType\":\"Field\",\"objectDomain\":\"fields\",\"editActive\":false,\"order\":4,\"type\":\"textbox\",\"label\":\"\\u00dcrituse kuup\\u00e4ev\",\"key\":\"uerituse_kuupaeev_1565631317291\",\"label_pos\":\"hidden\",\"required\":false,\"default\":\"\",\"placeholder\":\"\\u00dcrituse kuup\\u00e4ev \",\"container_class\":\"one-half  \",\"element_class\":\"\",\"input_limit\":\"\",\"input_limit_type\":\"characters\",\"input_limit_msg\":\"Character(s) left\",\"manual_key\":false,\"admin_label\":\"\",\"help_text\":\"\",\"mask\":\"\",\"custom_mask\":\"\",\"custom_name_attribute\":\"\",\"personally_identifiable\":\"\",\"value\":\"\",\"drawerDisabled\":false,\"id\":8,\"beforeField\":\"\",\"afterField\":\"\",\"parentType\":\"textbox\",\"element_templates\":[\"textbox\",\"input\"],\"old_classname\":\"\",\"wrap_template\":\"wrap\"},{\"objectType\":\"Field\",\"objectDomain\":\"fields\",\"editActive\":false,\"order\":5,\"type\":\"textarea\",\"label\":\"Lisainfo\",\"key\":\"lisainfo_1565631266308\",\"label_pos\":\"hidden\",\"required\":false,\"default\":\"\",\"placeholder\":\"Lisainfo\",\"container_class\":\"\",\"element_class\":\"\",\"input_limit\":\"\",\"input_limit_type\":\"characters\",\"input_limit_msg\":\"Character(s) left\",\"manual_key\":false,\"admin_label\":\"\",\"help_text\":\"\",\"textarea_rte\":\"\",\"disable_rte_mobile\":\"\",\"textarea_media\":\"\",\"value\":\"\",\"drawerDisabled\":false,\"id\":9,\"beforeField\":\"\",\"afterField\":\"\",\"parentType\":\"textarea\",\"element_templates\":[\"textarea\",\"input\"],\"old_classname\":\"\",\"wrap_template\":\"wrap\"},{\"objectType\":\"Field\",\"objectDomain\":\"fields\",\"editActive\":false,\"order\":6,\"label\":\"Recaptcha\",\"type\":\"recaptcha\",\"container_class\":\"\",\"element_class\":\"\",\"size\":\"visible\",\"key\":\"recaptcha_1583157480100\",\"id\":24,\"beforeField\":\"\",\"afterField\":\"\",\"value\":\"\",\"label_pos\":\"hidden\",\"parentType\":\"textbox\",\"element_templates\":[\"recaptcha\",\"input\"],\"old_classname\":\"\",\"wrap_template\":\"wrap\",\"site_key\":\"6LehKrkUAAAAAIZ_VVushiiaK0fz1tEX9NQImfrx\",\"theme\":\"light\",\"lang\":false},{\"objectType\":\"Field\",\"objectDomain\":\"fields\",\"editActive\":false,\"order\":7,\"type\":\"submit\",\"label\":\"Edasta p\\u00e4ring\",\"processing_label\":\"Saadab \",\"container_class\":\"\",\"element_class\":\"fusion-button button-flat fusion-button-round button-xlarge button-default button-1\",\"key\":\"edasta_paering_1565631338293\",\"drawerDisabled\":false,\"id\":10,\"beforeField\":\"\",\"afterField\":\"\",\"value\":\"\",\"label_pos\":\"hidden\",\"parentType\":\"textbox\",\"element_templates\":[\"submit\",\"button\",\"input\"],\"old_classname\":\"\",\"wrap_template\":\"wrap-no-label\"}];nfForms.push(form);<\/script>\n        \n<\/div><\/div><\/div><div class=\"fusion-clearfix\"><\/div><\/div><\/div><div class=\"fusion-layout-column fusion_builder_column fusion-builder-column-4 fusion_builder_column_1_1 1_1 fusion-one-full fusion-column-first fusion-column-last fusion-column-no-min-height\" style=\"margin-top:0px;margin-bottom:0px;\"><div class=\"fusion-column-wrapper fusion-flex-column-wrapper-legacy\" style=\"background-position:left top;background-repeat:no-repeat;-webkit-background-size:cover;-moz-background-size:cover;-o-background-size:cover;background-size:cover;padding: 0px 0px 0px 0px;\"><div class=\"fusion-sep-clear\"><\/div><div class=\"fusion-separator fusion-full-width-sep\" style=\"margin-left: auto;margin-right: auto;margin-top:10px;margin-bottom:55px;width:100%;\"><div class=\"fusion-separator-border sep-single sep-solid\" style=\"border-color:#45494e;border-top-width:1px;\"><\/div><\/div><div class=\"fusion-sep-clear\"><\/div><div class=\"fusion-clearfix\"><\/div><\/div><\/div><\/div><\/div>\n<\/p>\n","protected":false},"excerpt":{"rendered":"","protected":false},"author":2,"featured_media":0,"parent":3589,"menu_order":0,"comment_status":"closed","ping_status":"closed","template":"100-width.php","meta":[],"_links":{"self":[{"href":"https:\/\/xn--mnniaru-5wa.eu\/en\/wp-json\/wp\/v2\/pages\/3585"}],"collection":[{"href":"https:\/\/xn--mnniaru-5wa.eu\/en\/wp-json\/wp\/v2\/pages"}],"about":[{"href":"https:\/\/xn--mnniaru-5wa.eu\/en\/wp-json\/wp\/v2\/types\/page"}],"author":[{"embeddable":true,"href":"https:\/\/xn--mnniaru-5wa.eu\/en\/wp-json\/wp\/v2\/users\/2"}],"replies":[{"embeddable":true,"href":"https:\/\/xn--mnniaru-5wa.eu\/en\/wp-json\/wp\/v2\/comments?post=3585"}],"version-history":[{"count":1,"href":"https:\/\/xn--mnniaru-5wa.eu\/en\/wp-json\/wp\/v2\/pages\/3585\/revisions"}],"predecessor-version":[{"id":3586,"href":"https:\/\/xn--mnniaru-5wa.eu\/en\/wp-json\/wp\/v2\/pages\/3585\/revisions\/3586"}],"up":[{"embeddable":true,"href":"https:\/\/xn--mnniaru-5wa.eu\/en\/wp-json\/wp\/v2\/pages\/3589"}],"wp:attachment":[{"href":"https:\/\/xn--mnniaru-5wa.eu\/en\/wp-json\/wp\/v2\/media?parent=3585"}],"curies":[{"name":"wp","href":"https:\/\/api.w.org\/{rel}","templated":true}]}}